{"id":146,"date":"2025-11-23T18:12:29","date_gmt":"2025-11-23T18:12:29","guid":{"rendered":"https:\/\/www.ev-olve.eu\/?page_id=146"},"modified":"2026-02-10T21:27:08","modified_gmt":"2026-02-10T21:27:08","slug":"strona-glowna","status":"publish","type":"page","link":"http:\/\/www.ev-olve.eu\/","title":{"rendered":"Strona g\u0142\u00f3wna"},"content":{"rendered":"\t\t<div data-elementor-type=\"wp-page\" data-elementor-id=\"146\" class=\"elementor elementor-146\">\n\t\t\t\t<div class=\"elementor-element elementor-element-12a35ac e-con-full elementor-hidden-mobile e-flex e-con e-parent\" data-id=\"12a35ac\" data-element_type=\"container\" data-settings=\"{&quot;background_background&quot;:&quot;classic&quot;}\">\n\t\t\t\t<div class=\"elementor-element elementor-element-6d7b61a elementor-widget elementor-widget-heading\" data-id=\"6d7b61a\" data-element_type=\"widget\" data-widget_type=\"heading.default\">\n\t\t\t\t\t<h1 class=\"elementor-heading-title elementor-size-default\">CZ\u0118\u015aCI, KT\u00d3RE NAP\u0118DZAJ\u0104 INNOWACJE.<br><\/h1>\t\t\t\t<\/div>\n\t\t\t\t<div class=\"elementor-element elementor-element-3f42725 elementor-widget elementor-widget-heading\" data-id=\"3f42725\" data-element_type=\"widget\" data-widget_type=\"heading.default\">\n\t\t\t\t\t<h2 class=\"elementor-heading-title elementor-size-default\">Profesjonalny serwis i custom tuning. Zaufaj ekspertom.<\/h2>\t\t\t\t<\/div>\n\t\t\t\t<div class=\"elementor-element elementor-element-9284e64 elementor-widget elementor-widget-button\" data-id=\"9284e64\" data-element_type=\"widget\" data-widget_type=\"button.default\">\n\t\t\t\t\t\t\t\t\t\t<a class=\"elementor-button elementor-button-link elementor-size-sm\" href=\"#kontakt\">\n\t\t\t\t\t\t<span class=\"elementor-button-content-wrapper\">\n\t\t\t\t\t\t\t\t\t<span class=\"elementor-button-text\">UM\u00d3W WIZYT\u0118<\/span>\n\t\t\t\t\t<\/span>\n\t\t\t\t\t<\/a>\n\t\t\t\t\t\t\t\t<\/div>\n\t\t\t\t<\/div>\n\t\t<div class=\"elementor-element elementor-element-15f1ea5 e-con-full elementor-hidden-desktop e-flex e-con e-parent\" data-id=\"15f1ea5\" data-element_type=\"container\" data-settings=\"{&quot;background_background&quot;:&quot;classic&quot;}\">\n\t\t\t\t<div class=\"elementor-element elementor-element-09f903e elementor-widget elementor-widget-heading\" data-id=\"09f903e\" data-element_type=\"widget\" data-widget_type=\"heading.default\">\n\t\t\t\t\t<h1 class=\"elementor-heading-title elementor-size-default\">CZ\u0118\u015aCI, KT\u00d3RE NAP\u0118DZAJ\u0104 INNOWACJE.<br><\/h1>\t\t\t\t<\/div>\n\t\t\t\t<div class=\"elementor-element elementor-element-9cad6ae elementor-widget elementor-widget-heading\" data-id=\"9cad6ae\" data-element_type=\"widget\" data-widget_type=\"heading.default\">\n\t\t\t\t\t<h2 class=\"elementor-heading-title elementor-size-default\">CZ\u0118\u015a\u0106I, KT\u00d3RE NAP\u0118DZAJ\u0104 INNOWACJE.<\/h2>\t\t\t\t<\/div>\n\t\t\t\t<div class=\"elementor-element elementor-element-ca3af65 elementor-widget elementor-widget-heading\" data-id=\"ca3af65\" data-element_type=\"widget\" data-widget_type=\"heading.default\">\n\t\t\t\t\t<h2 class=\"elementor-heading-title elementor-size-default\">Profesjonalny serwis i custom tuning. Zaufaj ekspertom.<\/h2>\t\t\t\t<\/div>\n\t\t\t\t<div class=\"elementor-element elementor-element-10e2c3a elementor-widget elementor-widget-button\" data-id=\"10e2c3a\" data-element_type=\"widget\" data-widget_type=\"button.default\">\n\t\t\t\t\t\t\t\t\t\t<a class=\"elementor-button elementor-button-link elementor-size-sm\" href=\"#\">\n\t\t\t\t\t\t<span class=\"elementor-button-content-wrapper\">\n\t\t\t\t\t\t\t\t\t<span class=\"elementor-button-text\">UM\u00d3W WIZYT\u0118<\/span>\n\t\t\t\t\t<\/span>\n\t\t\t\t\t<\/a>\n\t\t\t\t\t\t\t\t<\/div>\n\t\t\t\t<\/div>\n\t\t<div class=\"elementor-element elementor-element-68cb9a4 e-con-full e-flex e-con e-parent\" data-id=\"68cb9a4\" data-element_type=\"container\" id=\"#kontakt\">\n\t\t\t\t<div class=\"elementor-element elementor-element-ec4a9af elementor-widget elementor-widget-menu-anchor\" data-id=\"ec4a9af\" data-element_type=\"widget\" data-widget_type=\"menu-anchor.default\">\n\t\t\t\t\t\t\t<div class=\"elementor-menu-anchor\" id=\"kontakt\"><\/div>\n\t\t\t\t\t\t<\/div>\n\t\t\t\t<div class=\"elementor-element elementor-element-79f58f9 elementor-widget__width-initial elementor-widget elementor-widget-wpforms\" data-id=\"79f58f9\" data-element_type=\"widget\" id=\"kontakt\" data-widget_type=\"wpforms.default\">\n\t\t\t\t<div class=\"elementor-widget-container\">\n\t\t\t\t\t<style id=\"wpforms-css-vars-elementor-widget-79f58f9\">\n\t\t\t\t.elementor-widget-wpforms.elementor-element-79f58f9 {\n\t\t\t\t--wpforms-field-background-color: #FFFFFF;\n--wpforms-button-background-color: #31A0E8;\n--wpforms-button-size-font-size: 20px;\n--wpforms-button-size-height: 48px;\n--wpforms-button-size-padding-h: 20px;\n--wpforms-button-size-margin-top: 15px;\n\t\t\t}\n\t\t\t<\/style><div class=\"wpforms-container wpforms-container-full wpforms-render-modern\" id=\"wpforms-460\"><form id=\"wpforms-form-460\" class=\"wpforms-validate wpforms-form wpforms-ajax-form\" data-formid=\"460\" method=\"post\" enctype=\"multipart\/form-data\" action=\"\/index.php\/wp-json\/wp\/v2\/pages\/146\" data-token=\"06f6c0c7de3dd70511299d9e6deb64dd\" data-token-time=\"1776378115\"><noscript class=\"wpforms-error-noscript\">Aby wype\u0142ni\u0107 ten formularz, w\u0142\u0105cz obs\u0142ug\u0119 JavaScript w przegl\u0105darce.<\/noscript><div id=\"wpforms-error-noscript\" style=\"display: none;\">Aby wype\u0142ni\u0107 ten formularz, w\u0142\u0105cz obs\u0142ug\u0119 JavaScript w przegl\u0105darce.<\/div><div class=\"wpforms-field-container\"><div id=\"wpforms-460-field_1-container\" class=\"wpforms-field wpforms-field-text\" data-field-id=\"1\"><label class=\"wpforms-field-label\" for=\"wpforms-460-field_1\">imi\u0119 i nazwisko<\/label><input type=\"text\" id=\"wpforms-460-field_1\" class=\"wpforms-field-medium\" name=\"wpforms[fields][1]\" aria-errormessage=\"wpforms-460-field_1-error\" ><\/div><div id=\"wpforms-460-field_5-container\" class=\"wpforms-field wpforms-field-email\" data-field-id=\"5\"><label class=\"wpforms-field-label\" for=\"wpforms-460-field_5\">adres e-mail <span class=\"wpforms-required-label\" aria-hidden=\"true\">*<\/span><\/label><input type=\"email\" id=\"wpforms-460-field_5\" class=\"wpforms-field-medium wpforms-field-required\" name=\"wpforms[fields][5]\" spellcheck=\"false\" aria-errormessage=\"wpforms-460-field_5-error\" required><\/div><div id=\"wpforms-460-field_6-container\" class=\"wpforms-field wpforms-field-select wpforms-field-select-style-classic\" data-field-id=\"6\"><label class=\"wpforms-field-label\" for=\"wpforms-460-field_6\">wybierz us\u0142ug\u0119<\/label><select id=\"wpforms-460-field_6\" class=\"wpforms-field-medium\" name=\"wpforms[fields][6]\"><option value=\"serwis\"  class=\"choice-1 depth-1\"  >serwis<\/option><option value=\"naprawa\"  class=\"choice-2 depth-1\"  >naprawa<\/option><option value=\"tuning\"  class=\"choice-3 depth-1\"  >tuning<\/option><\/select><\/div><div id=\"wpforms-460-field_3-container\" class=\"wpforms-field wpforms-field-textarea\" data-field-id=\"3\"><label class=\"wpforms-field-label\" for=\"wpforms-460-field_3\">model samochodu<\/label><textarea id=\"wpforms-460-field_3\" class=\"wpforms-field-medium\" name=\"wpforms[fields][3]\" aria-errormessage=\"wpforms-460-field_3-error\" ><\/textarea><\/div>\t\t<div id=\"wpforms-460-field_2-container\"\n\t\t\tclass=\"wpforms-field wpforms-field-text\"\n\t\t\tdata-field-type=\"text\"\n\t\t\tdata-field-id=\"2\"\n\t\t\t>\n\t\t\t<label class=\"wpforms-field-label\" for=\"wpforms-460-field_2\" >nazwisko wybierz e-mail<\/label>\n\t\t\t<input type=\"text\" id=\"wpforms-460-field_2\" class=\"wpforms-field-medium\" name=\"wpforms[fields][2]\" >\n\t\t<\/div>\n\t\t<div id=\"wpforms-460-field_4-container\" class=\"wpforms-field wpforms-field-textarea\" data-field-id=\"4\"><label class=\"wpforms-field-label\" for=\"wpforms-460-field_4\">opis<\/label><textarea id=\"wpforms-460-field_4\" class=\"wpforms-field-medium\" name=\"wpforms[fields][4]\" aria-errormessage=\"wpforms-460-field_4-error\" ><\/textarea><\/div><script>\n\t\t\t\t( function() {\n\t\t\t\t\tconst style = document.createElement( 'style' );\n\t\t\t\t\tstyle.appendChild( document.createTextNode( '#wpforms-460-field_2-container { position: absolute !important; overflow: hidden !important; display: inline !important; height: 1px !important; width: 1px !important; z-index: -1000 !important; padding: 0 !important; } #wpforms-460-field_2-container input { visibility: hidden; } #wpforms-conversational-form-page #wpforms-460-field_2-container label { counter-increment: none; }' ) );\n\t\t\t\t\tdocument.head.appendChild( style );\n\t\t\t\t\tdocument.currentScript?.remove();\n\t\t\t\t} )();\n\t\t\t<\/script><\/div><!-- .wpforms-field-container --><div class=\"wpforms-submit-container\" ><input type=\"hidden\" name=\"wpforms[id]\" value=\"460\"><input type=\"hidden\" name=\"page_title\" value=\"\"><input type=\"hidden\" name=\"page_url\" value=\"http:\/\/www.ev-olve.eu\/index.php\/wp-json\/wp\/v2\/pages\/146\"><input type=\"hidden\" name=\"url_referer\" value=\"\"><button type=\"submit\" name=\"wpforms[submit]\" id=\"wpforms-submit-460\" class=\"wpforms-submit\" data-alt-text=\"Wysy\u0142anie...\" data-submit-text=\"Prze\u015blij\" aria-live=\"assertive\" value=\"wpforms-submit\">Prze\u015blij<\/button><img decoding=\"async\" src=\"http:\/\/www.ev-olve.eu\/wp-content\/plugins\/wpforms-lite\/assets\/images\/submit-spin.svg\" class=\"wpforms-submit-spinner\" style=\"display: none;\" width=\"26\" height=\"26\" alt=\"Wczytywanie\"><\/div><\/form><\/div>  <!-- .wpforms-container -->\t\t\t\t<\/div>\n\t\t\t\t<\/div>\n\t\t\t\t<\/div>\n\t\t<div class=\"elementor-element elementor-element-060f1a1 e-flex e-con-boxed e-con e-parent\" data-id=\"060f1a1\" data-element_type=\"container\">\n\t\t\t\t\t<div class=\"e-con-inner\">\n\t\t\t\t<div class=\"elementor-element elementor-element-06f35b4 elementor-widget__width-initial elementor-widget elementor-widget-text-editor\" data-id=\"06f35b4\" data-element_type=\"widget\" data-widget_type=\"text-editor.default\">\n\t\t\t\t\t\t\t\t\t<p><strong>DLACZEGO OV-OLVE? PRECYZJA. DO\u015aWIADCZENIE. PASJA.<\/strong><\/p>\t\t\t\t\t\t\t\t<\/div>\n\t\t\t\t\t<\/div>\n\t\t\t\t<\/div>\n\t\t<div class=\"elementor-element elementor-element-ace62d6 e-con-full e-flex e-con e-parent\" data-id=\"ace62d6\" data-element_type=\"container\">\n\t\t<div class=\"elementor-element elementor-element-5a9663c e-con-full e-flex e-con e-child\" data-id=\"5a9663c\" data-element_type=\"container\" data-settings=\"{&quot;background_background&quot;:&quot;gradient&quot;}\">\n\t\t\t\t<div class=\"elementor-element elementor-element-74f4293 elementor-widget__width-initial elementor-widget elementor-widget-text-editor\" data-id=\"74f4293\" data-element_type=\"widget\" data-widget_type=\"text-editor.default\">\n\t\t\t\t\t\t\t\t\t<p>PRECYZYJNA DIAGNOSTYKA<\/p>\n<p><span style=\"font-size: 11.0pt; font-family: 'Calibri',sans-serif; mso-fareast-font-family: Calibri; mso-fareast-theme-font: minor-latin; mso-ligatures: standardcontextual; mso-ansi-language: PL; mso-fareast-language: EN-US; mso-bidi-language: HE;\">Czy to Tw\u00f3j 40 letni klasyk, czy nowoczesny samoch\u00f3d elektryczny, dzi\u0119ki naszej wiedzy i do\u015bwiadczeniu rozwi\u0105\u017cemy problem z twoim samochodem. Dok\u0142adna diagnostyka to podstawa naszego dzia\u0142ania.<\/span><\/p><p><span style=\"font-size: 11.0pt; font-family: 'Calibri',sans-serif; mso-fareast-font-family: Calibri; mso-fareast-theme-font: minor-latin; mso-ligatures: standardcontextual; mso-ansi-language: PL; mso-fareast-language: EN-US; mso-bidi-language: HE;\"><br><\/span><\/p>\t\t\t\t\t\t\t\t<\/div>\n\t\t\t\t<\/div>\n\t\t<div class=\"elementor-element elementor-element-13f16bc e-con-full e-flex e-con e-child\" data-id=\"13f16bc\" data-element_type=\"container\">\n\t\t\t\t<div class=\"elementor-element elementor-element-68359cf elementor-widget__width-initial elementor-widget elementor-widget-text-editor\" data-id=\"68359cf\" data-element_type=\"widget\" data-widget_type=\"text-editor.default\">\n\t\t\t\t\t\t\t\t\t<p>15+ LAT DO\u015aWIADCZENIA<\/p>\n<p><span style=\"font-size: 11.0pt; font-family: 'Calibri',sans-serif; mso-fareast-font-family: Calibri; mso-fareast-theme-font: minor-latin; mso-ligatures: standardcontextual; mso-ansi-language: PL; mso-fareast-language: EN-US; mso-bidi-language: HE;\">Jeste\u015bmy ekspertami w zakresie mechaniki pojazdowej,&nbsp;<\/span><\/p>\n<p><span style=\"font-size: 11.0pt; font-family: 'Calibri',sans-serif; mso-fareast-font-family: Calibri; mso-fareast-theme-font: minor-latin; mso-ligatures: standardcontextual; mso-ansi-language: PL; mso-fareast-language: EN-US; mso-bidi-language: HE;\">zar\u00f3wno w zakresie napraw, serwisu jak i modyfikacji pojazd\u00f3w.<\/span><\/p>\n<p><span style=\"font-size: 11.0pt; font-family: 'Calibri',sans-serif; mso-fareast-font-family: Calibri; mso-fareast-theme-font: minor-latin; mso-ligatures: standardcontextual; mso-ansi-language: PL; mso-fareast-language: EN-US; mso-bidi-language: HE;\"><br><\/span><\/p><p><span style=\"font-size: 11.0pt; font-family: 'Calibri',sans-serif; mso-fareast-font-family: Calibri; mso-fareast-theme-font: minor-latin; mso-ligatures: standardcontextual; mso-ansi-language: PL; mso-fareast-language: EN-US; mso-bidi-language: HE;\"><br><\/span><\/p>\t\t\t\t\t\t\t\t<\/div>\n\t\t\t\t<\/div>\n\t\t<div class=\"elementor-element elementor-element-67d2406 e-con-full e-flex e-con e-child\" data-id=\"67d2406\" data-element_type=\"container\">\n\t\t\t\t<div class=\"elementor-element elementor-element-d84a12e elementor-widget__width-initial elementor-widget elementor-widget-text-editor\" data-id=\"d84a12e\" data-element_type=\"widget\" data-widget_type=\"text-editor.default\">\n\t\t\t\t\t\t\t\t\t<p>CUSTOM TUNING<\/p>\n<p><span style=\"font-size: 11.0pt; font-family: 'Calibri',sans-serif; mso-fareast-font-family: Calibri; mso-fareast-theme-font: minor-latin; mso-ligatures: standardcontextual; mso-ansi-language: PL; mso-fareast-language: EN-US; mso-bidi-language: HE;\">Ka\u017cdy projekt, od renowacji, przez modyfikacj\u0119,&nbsp;<\/span><span style=\"font-family: Calibri, sans-serif; font-size: 11pt; font-style: inherit; font-weight: inherit;\">po ekstremalne&nbsp;<\/span><span style=\"font-family: Calibri, sans-serif; font-size: 11pt; font-style: inherit; font-weight: inherit;\">podniesienie mocy, uszyjemy na miar\u0119. \u0141\u0105cz\u0105c nasze do\u015bwiadczenie z Twoimi&nbsp;<\/span><span style=\"font-family: Calibri, sans-serif; font-size: 11pt; font-style: inherit; font-weight: inherit;\">oczekiwaniami stworzymy samoch\u00f3d, o kt\u00f3rym marzysz.<\/span><\/p>\t\t\t\t\t\t\t\t<\/div>\n\t\t\t\t<\/div>\n\t\t\t\t<\/div>\n\t\t<div class=\"elementor-element elementor-element-a027f4b e-flex e-con-boxed e-con e-parent\" data-id=\"a027f4b\" data-element_type=\"container\">\n\t\t\t\t\t<div class=\"e-con-inner\">\n\t\t\t\t<div class=\"elementor-element elementor-element-f8ebf02 elementor-widget-divider--view-line elementor-widget elementor-widget-divider\" data-id=\"f8ebf02\" data-element_type=\"widget\" data-widget_type=\"divider.default\">\n\t\t\t\t\t\t\t<div class=\"elementor-divider\">\n\t\t\t<span class=\"elementor-divider-separator\">\n\t\t\t\t\t\t<\/span>\n\t\t<\/div>\n\t\t\t\t\t\t<\/div>\n\t\t\t\t\t<\/div>\n\t\t\t\t<\/div>\n\t\t\t\t<\/div>\n\t\t","protected":false},"excerpt":{"rendered":"<p>CZ\u0118\u015aCI, KT\u00d3RE NAP\u0118DZAJ\u0104 INNOWACJE. Profesjonalny serwis i custom tuning. Zaufaj ekspertom. UM\u00d3W WIZYT\u0118 CZ\u0118\u015aCI, KT\u00d3RE NAP\u0118DZAJ\u0104 INNOWACJE. CZ\u0118\u015a\u0106I, KT\u00d3RE NAP\u0118DZAJ\u0104 [&hellip;]<\/p>\n","protected":false},"author":2,"featured_media":0,"parent":0,"menu_order":0,"comment_status":"closed","ping_status":"closed","template":"","meta":{"site-sidebar-layout":"no-sidebar","site-content-layout":"","ast-site-content-layout":"full-width-container","site-content-style":"default","site-sidebar-style":"default","ast-global-header-display":"","ast-banner-title-visibility":"","ast-main-header-display":"","ast-hfb-above-header-display":"","ast-hfb-below-header-display":"","ast-hfb-mobile-header-display":"","site-post-title":"disabled","ast-breadcrumbs-content":"","ast-featured-img":"disabled","footer-sml-layout":"","theme-transparent-header-meta":"","adv-header-id-meta":"","stick-header-meta":"","header-above-stick-meta":"","header-main-stick-meta":"","header-below-stick-meta":"","astra-migrate-meta-layouts":"default","ast-page-background-enabled":"default","ast-page-background-meta":{"desktop":{"background-color":"var(--ast-global-color-5)","background-image":"","background-repeat":"repeat","background-position":"center center","background-size":"auto","background-attachment":"scroll","background-type":"","background-media":"","overlay-type":"","overlay-color":"","overlay-opacity":"","overlay-gradient":""},"tablet":{"background-color":"","background-image":"","background-repeat":"repeat","background-position":"center center","background-size":"auto","background-attachment":"scroll","background-type":"","background-media":"","overlay-type":"","overlay-color":"","overlay-opacity":"","overlay-gradient":""},"mobile":{"background-color":"","background-image":"","background-repeat":"repeat","background-position":"center center","background-size":"auto","background-attachment":"scroll","background-type":"","background-media":"","overlay-type":"","overlay-color":"","overlay-opacity":"","overlay-gradient":""}},"ast-content-background-meta":{"desktop":{"background-color":"var(--ast-global-color-4)","background-image":"","background-repeat":"repeat","background-position":"center center","background-size":"auto","background-attachment":"scroll","background-type":"","background-media":"","overlay-type":"","overlay-color":"","overlay-opacity":"","overlay-gradient":""},"tablet":{"background-color":"var(--ast-global-color-4)","background-image":"","background-repeat":"repeat","background-position":"center center","background-size":"auto","background-attachment":"scroll","background-type":"","background-media":"","overlay-type":"","overlay-color":"","overlay-opacity":"","overlay-gradient":""},"mobile":{"background-color":"var(--ast-global-color-4)","background-image":"","background-repeat":"repeat","background-position":"center center","background-size":"auto","background-attachment":"scroll","background-type":"","background-media":"","overlay-type":"","overlay-color":"","overlay-opacity":"","overlay-gradient":""}},"footnotes":""},"class_list":["post-146","page","type-page","status-publish","hentry"],"aioseo_notices":[],"jetpack_sharing_enabled":true,"_links":{"self":[{"href":"http:\/\/www.ev-olve.eu\/index.php\/wp-json\/wp\/v2\/pages\/146","targetHints":{"allow":["GET"]}}],"collection":[{"href":"http:\/\/www.ev-olve.eu\/index.php\/wp-json\/wp\/v2\/pages"}],"about":[{"href":"http:\/\/www.ev-olve.eu\/index.php\/wp-json\/wp\/v2\/types\/page"}],"author":[{"embeddable":true,"href":"http:\/\/www.ev-olve.eu\/index.php\/wp-json\/wp\/v2\/users\/2"}],"replies":[{"embeddable":true,"href":"http:\/\/www.ev-olve.eu\/index.php\/wp-json\/wp\/v2\/comments?post=146"}],"version-history":[{"count":439,"href":"http:\/\/www.ev-olve.eu\/index.php\/wp-json\/wp\/v2\/pages\/146\/revisions"}],"predecessor-version":[{"id":811,"href":"http:\/\/www.ev-olve.eu\/index.php\/wp-json\/wp\/v2\/pages\/146\/revisions\/811"}],"wp:attachment":[{"href":"http:\/\/www.ev-olve.eu\/index.php\/wp-json\/wp\/v2\/media?parent=146"}],"curies":[{"name":"wp","href":"https:\/\/api.w.org\/{rel}","templated":true}]}}